{"id":4109,"date":"2026-02-05T13:57:19","date_gmt":"2026-02-05T12:57:19","guid":{"rendered":"https:\/\/bambino-canteen.com\/?post_type=product&#038;p=4109"},"modified":"2026-02-16T14:18:09","modified_gmt":"2026-02-16T13:18:09","slug":"morning-boost","status":"publish","type":"product","link":"https:\/\/bambino-canteen.com\/nl\/product\/morning-boost\/","title":{"rendered":"Morning Boost"},"content":{"rendered":"<p><span data-contrast=\"auto\">14\u20ac\/PERS.<\/span><span data-ccp-props=\"{&quot;335551550&quot;:6,&quot;335551620&quot;:6}\">\u00a0<\/span><\/p>\n<p><span data-contrast=\"auto\">L\u2019\u00e9nergie pour bien d\u00e9marrer la journ\u00e9e : jus de fruits bio, viennoiserie dor\u00e9e et croustillante<\/span><span data-ccp-props=\"{&quot;335551550&quot;:6,&quot;335551620&quot;:6}\">\u00a0<\/span><span data-contrast=\"auto\">(croissant\u00a0ou pain au chocolat), yaourt fermier onctueux et rafraichissant et sandwich<\/span><span data-ccp-props=\"{&quot;335551550&quot;:6,&quot;335551620&quot;:6}\">\u00a0<\/span><span data-contrast=\"auto\">brioch\u00e9 (jambon-fromage).<\/span><\/p>\n","protected":false},"excerpt":{"rendered":"<p><span data-contrast=\"auto\">14\u20ac\/PERS.<\/span><span data-ccp-props=\"{&quot;335551550&quot;:6,&quot;335551620&quot;:6}\">\u00a0<\/span><\/p>\n<p><span data-contrast=\"auto\">L\u2019\u00e9nergie pour bien d\u00e9marrer la journ\u00e9e : jus de fruits bio, viennoiserie dor\u00e9e et croustillante<\/span><span data-ccp-props=\"{&quot;335551550&quot;:6,&quot;335551620&quot;:6}\">\u00a0<\/span><span data-contrast=\"auto\">(croissant\u00a0ou pain au chocolat), yaourt fermier onctueux et rafraichissant et sandwich<\/span><span data-ccp-props=\"{&quot;335551550&quot;:6,&quot;335551620&quot;:6}\">\u00a0<\/span><span data-contrast=\"auto\">brioch\u00e9\u00a0(jambon-fromage)<\/span><span data-ccp-props=\"{&quot;335551550&quot;:6,&quot;335551620&quot;:6}\">\u00a0<\/span><\/p>\n","protected":false},"featured_media":4112,"template":"","meta":[],"product_brand":[],"product_cat":[56],"product_tag":[],"class_list":{"0":"post-4109","1":"product","2":"type-product","3":"status-publish","4":"has-post-thumbnail","6":"product_cat-breakfast","8":"first","9":"instock","10":"taxable","11":"shipping-taxable","12":"purchasable","13":"product-type-simple"},"_links":{"self":[{"href":"https:\/\/bambino-canteen.com\/nl\/wp-json\/wp\/v2\/product\/4109","targetHints":{"allow":["GET"]}}],"collection":[{"href":"https:\/\/bambino-canteen.com\/nl\/wp-json\/wp\/v2\/product"}],"about":[{"href":"https:\/\/bambino-canteen.com\/nl\/wp-json\/wp\/v2\/types\/product"}],"wp:featuredmedia":[{"embeddable":true,"href":"https:\/\/bambino-canteen.com\/nl\/wp-json\/wp\/v2\/media\/4112"}],"wp:attachment":[{"href":"https:\/\/bambino-canteen.com\/nl\/wp-json\/wp\/v2\/media?parent=4109"}],"wp:term":[{"taxonomy":"product_brand","embeddable":true,"href":"https:\/\/bambino-canteen.com\/nl\/wp-json\/wp\/v2\/product_brand?post=4109"},{"taxonomy":"product_cat","embeddable":true,"href":"https:\/\/bambino-canteen.com\/nl\/wp-json\/wp\/v2\/product_cat?post=4109"},{"taxonomy":"product_tag","embeddable":true,"href":"https:\/\/bambino-canteen.com\/nl\/wp-json\/wp\/v2\/product_tag?post=4109"}],"curies":[{"name":"wp","href":"https:\/\/api.w.org\/{rel}","templated":true}]}}